{"id":35,"date":"2016-03-24T11:24:22","date_gmt":"2016-03-24T10:24:22","guid":{"rendered":"http:\/\/dongelmans.wilko.espersolutions.nl\/?page_id=35"},"modified":"2021-10-12T09:33:20","modified_gmt":"2021-10-12T09:33:20","slug":"algemene-voorwaarden","status":"publish","type":"page","link":"https:\/\/www.dongelmansadv.nl\/?page_id=35","title":{"rendered":"Algemene Voorwaarden"},"content":{"rendered":"<p><strong>Artikel 1<\/strong><\/p>\n<p>De activiteiten van het advocatenkantoor Dongelmans worden uitgevoerd door mevrouw mr J. Dongelmans en zijn ondergebracht in Dongelmans B.V., gevestigd in Nieuwerkerk aan den IJssel.<\/p>\n<p><strong>Artikel 2<\/strong><\/p>\n<p>Alle opdrachten worden geacht uitsluitend te zijn gegeven aan en aanvaard door Advocatenkantoor Dongelmans, ook indien het de uitdrukkelijke of stilzwijgende bedoeling is dat een opdracht door een bepaald persoon zal worden uitgevoerd. De werking van artikelen 7:404 en 7:407 lid 2 BW worden geheel uitgesloten.<\/p>\n<p><strong>Artikel 3<\/strong><\/p>\n<p>Iedere aansprakelijkheid van Advocatenkantoor Dongelmans is beperkt tot het bedrag waarop in het betreffende geval uit hoofde van de door haar gesloten beroepsaansprakelijkheids-verzekering(en) aanspraak bestaat, vermeerderd met het bedrag van het eigen risico dat volgens de polisvoorwaarden niet ten laste van de verzekeraar is.<\/p>\n<p><strong>Artikel 4<\/strong><\/p>\n<p>Voor zover personen die in verband met de uitvoering van opdrachten van cli\u00ebnten worden ingeschakeld, hun aansprakelijkheid in verband daarmee willen beperken, houden alle aan Advocatenkantoor Dongelmans gegeven opdrachten de bevoegdheid van Advocatenkantoor Dongelmans in om dergelijke aansprakelijkheidsbeperkingen mede namens die cli\u00ebnten te aanvaarden. Iedere aansprakelijkheid van Advocatenkantoor Dongelmans voor tekortkomingen van deze ingeschakelde hulppersonen is uitgesloten.<\/p>\n<p><strong>Artikel 5<\/strong><\/p>\n<p>Ieder die gebruik maakt van de diensten van Advocatenkantoor Dongelmans geeft op voorhand aan degenen die deze diensten verlenen de toestemming om de gegevens waarvan de kennisneming door anderen van Advocatenkantoor Dongelmans dan de direct betrokken adviseur(s) nuttig en \/of noodzakelijk is in het kader van relatiebeheer ter kennis van die anderen te brengen.<\/p>\n<p><strong>Artikel 6<\/strong><\/p>\n<p>Opdrachten worden uitsluitend door Advocatenkantoor Dongelmans uitgevoerd ten behoeve van de opdrachtgever. Derden kunnen aan de inhoud van de uitgevoerde werkzaamheden, en meer in het algemeen aan de wijze waarop aan die verstrekte opdrachten al dan niet uitvoering is gegeven, geen enkel recht ontlenen.<\/p>\n<p><strong>Artikel 7<\/strong><\/p>\n<p>De rechtsverhouding tussen Advocatenkantoor Dongelmans en de opdrachtgever, alsmede degenen die van haar diensten gebruik maken, is onderworpen aan Nederlands recht. Geschillen zullen uitsluitend worden beslecht door de bevoegde Nederlandse rechter te &#8216;s-Gravenhage.<\/p>\n<p><strong>Artikel 8<\/strong><\/p>\n<p>Alle personen die bij de uitvoering van enige opdracht van een cli\u00ebnt zijn ingeschakeld, door Advocatenkantoor Dongelmans, kunnen een beroep doen op deze algemene voorwaarden. Hetzelfde geldt voor medewerkers als stagiaires van Advocatenkantoor Dongelmans met inbegrip van hun eventuele erfgenamen, indien zij aansprakelijk mochten worden gehouden nadat zij niet langer werkzaam zijn voor Advocatenkantoor Dongelmans.<\/p>\n<p><strong>Artikel 9<\/strong><\/p>\n<p><strong>9.1<\/strong><\/p>\n<p>Betaling dient door de cli\u00ebnt zonder enige aftrek, korting of verrekening in Nederlandse valuta te geschieden door storting of overmaking op de factuur aangegeven bankrekening binnen veertien dagen na factuurdatum, bij gebreke waarvan de cli\u00ebnt in verzuim is.<\/p>\n<p><strong>9.2<\/strong><\/p>\n<p>Indien cli\u00ebnt in verzuim is, zijn, onverminderd de overige rechten van het kantoor, alle vorderingen van het kantoor op cli\u00ebnt dadelijk en geheel opeisbaar, ook al is de betalingstermijn nog niet verstreken.<\/p>\n<p><strong>9.3<\/strong><\/p>\n<p>Alle buitengerechtelijke kosten die het kantoor heeft moeten maken in verband met de incasso van een vordering op cli\u00ebnt zijn voor rekening van cli\u00ebnt, met een minimum van 15% van de openstaande vordering.<\/p>\n<p><strong>9.4<\/strong><\/p>\n<p>Alle kosten die het kantoor heeft moeten maken in verband met een gerechtelijke procedure tegen cli\u00ebnt zijn voor diens rekening, ook voor zover deze kosten de rechterlijke proceskostenveroordeling overtreffen, tenzij het kantoor als verliezende partij in de kosten wordt veroordeeld.<\/p>\n<p><strong>9.5<\/strong><\/p>\n<p>Indien cli\u00ebnt een declaratie van een advocaat in een burgerlijke zaak onbetaald laat en, na daartoe door het kantoor bij aangetekende brief te zijn uitgenodigd, nalaat binnen de daarin gestelde termijn de hoogte van het in rekening gebrachte honorarium te betwisten, heeft hij recht op begroting van de declaratie door de Raad van Toezicht conform artikel 32 e.v. van de WTBZ verwerkt, althans komt hem in rechte in redelijkheid daarop geen beroep meer toe.<\/p>\n<p><strong>9.6<\/strong><\/p>\n<p>Het kantoor behoudt zich het recht voor om &#8211; voor of tijdens de uitvoering van een opdracht &#8211; van cli\u00ebnt gehele of gedeeltelijke vooruitbetaling en\/of het stellen van zekerheid te verlangen, bij gebreke waarvan het kantoor gerechtigd is de nakoming van haar verplichtingen op te schorten.<\/p>\n<p><strong>9.7<\/strong><\/p>\n<p>Tenzij cli\u00ebnt schriftelijk heeft verklaard daarin niet te bewilligen is het kantoor te allen tijde gerechtigd door haar of de Stichting Beheer Derdengelden Advocatenkantoor Dongelmans voor cli\u00ebnt ontvangen bedragen te verrekenen met &#8211; dan wel ter betaling aan te (doen) wenden van &#8211; hetgeen cli\u00ebnt het kantoor verschuldigd is of zal worden. Tenzij schriftelijk anders is overeengekomen vergoedt het kantoor noch bedoelde Stichting rente over derdengelden.<\/p>\n<p><strong>9.8<\/strong><\/p>\n<p>Bedragen onder de 2,- Euro, die te veel op de bank- of girorekening van Advocatenkantoor Dongelmans wordt gestort, worden niet verrekend of teruggestort.<\/p>\n<p><strong>Artikel 10<\/strong><\/p>\n<p>Indien en zolang cli\u00ebnt \u00e9\u00e9n of meer declaraties van het kantoor (gedeeltelijk) onbetaald heeft gelaten, kan het kantoor, wettelijk en\/of tuchtrechtelijk bepaalde uitzonderingen daargelaten, het dossier van cli\u00ebnt en\/of al dan niet daarvan deel uitmakende, door cli\u00ebnt bij het kantoor achtergelaten stukken onder zich houden en weigeren een opvolgend adviseur, aan welke door cli\u00ebnt enige opdracht is verleend, toestemming te verlenen zijn werkzaamheden aan te vangen.<\/p>\n","protected":false},"excerpt":{"rendered":"<p>Artikel 1 De activiteiten van het advocatenkantoor Dongelmans worden uitgevoerd door mevrouw mr J. Dongelmans en zijn ondergebracht in Dongelmans B.V., gevestigd in Nieuwerkerk aan den IJssel. Artikel 2 Alle opdrachten worden geacht uitsluitend te zijn gegeven aan en aanvaard door Advocatenkantoor Dongelmans, ook indien het de uitdrukkelijke of stilzwijgende bedoeling is dat een opdracht &hellip; <a href=\"https:\/\/www.dongelmansadv.nl\/?page_id=35\" class=\"more-link\">Continue reading <span class=\"screen-reader-text\">Algemene Voorwaarden<\/span> <span class=\"meta-nav\">&rarr;<\/span><\/a><\/p>\n","protected":false},"author":2,"featured_media":0,"parent":0,"menu_order":0,"comment_status":"closed","ping_status":"closed","template":"","meta":{"footnotes":""},"jetpack_sharing_enabled":true,"_links":{"self":[{"href":"https:\/\/www.dongelmansadv.nl\/index.php?rest_route=\/wp\/v2\/pages\/35"}],"collection":[{"href":"https:\/\/www.dongelmansadv.nl\/index.php?rest_route=\/wp\/v2\/pages"}],"about":[{"href":"https:\/\/www.dongelmansadv.nl\/index.php?rest_route=\/wp\/v2\/types\/page"}],"author":[{"embeddable":true,"href":"https:\/\/www.dongelmansadv.nl\/index.php?rest_route=\/wp\/v2\/users\/2"}],"replies":[{"embeddable":true,"href":"https:\/\/www.dongelmansadv.nl\/index.php?rest_route=%2Fwp%2Fv2%2Fcomments&post=35"}],"version-history":[{"count":3,"href":"https:\/\/www.dongelmansadv.nl\/index.php?rest_route=\/wp\/v2\/pages\/35\/revisions"}],"predecessor-version":[{"id":91,"href":"https:\/\/www.dongelmansadv.nl\/index.php?rest_route=\/wp\/v2\/pages\/35\/revisions\/91"}],"wp:attachment":[{"href":"https:\/\/www.dongelmansadv.nl\/index.php?rest_route=%2Fwp%2Fv2%2Fmedia&parent=35"}],"curies":[{"name":"wp","href":"https:\/\/api.w.org\/{rel}","templated":true}]}}